{"id":215,"date":"2025-10-29T12:37:44","date_gmt":"2025-10-29T12:37:44","guid":{"rendered":"https:\/\/mediumvioletred-albatross-582789.hostingersite.com\/?page_id=215"},"modified":"2025-11-21T14:36:05","modified_gmt":"2025-11-21T19:36:05","slug":"dr-lina-motta","status":"publish","type":"page","link":"https:\/\/vitaivbar.com\/en\/dr-lina-motta\/","title":{"rendered":"Dr. Lina Motta"},"content":{"rendered":"<h3>Medical Expert in Orthomolecular, Bioregulatory, and Anti-Aging Medicine<\/h3>\n<p>With over 15 years of experience in biological and functional medicine, my purpose is to promote health from the root cause, restoring cellular balance and preventing premature aging through a comprehensive, evidence-based approach.<\/p>\n<p>I combine the foundations of conventional medicine with orthomolecular and bioregulatory therapies designed to optimize the body&#8217;s functions, support cellular detoxification, and boost natural repair and regeneration mechanisms.<\/p>\n<p>My clinical practice is based on the principle that health is not merely the absence of disease, but a state of physical, mental, and biochemical balance. Therefore, I analyze each case from a holistic perspective that integrates habits, metabolism, oxidative stress, inflammation, and emotional state, to provide precise and personalized interventions.<\/p>\n<p>At Vita IV Bar, every treatment represents a medical experience focused on prevention, revitalization, and deep well-being, with the goal of achieving lasting health and a fuller, more conscious life.<\/p>\n","protected":false},"excerpt":{"rendered":"<p>Medical Expert in Orthomolecular, Bioregulatory, and Anti-Aging Medicine With over 15 years of experience in biological and functional medicine, my purpose is to promote health from the root cause, restoring cellular balance and preventing premature aging through a comprehensive, evidence-based approach. I combine the foundations of conventional medicine with orthomolecular and bioregulatory therapies designed to [&hellip;]<\/p>\n","protected":false},"author":1,"featured_media":151,"parent":0,"menu_order":0,"comment_status":"closed","ping_status":"closed","template":"page-templates\/page-lina.php","meta":{"_acf_changed":false,"footnotes":""},"class_list":["post-215","page","type-page","status-publish","has-post-thumbnail","hentry"],"acf":[],"yoast_head":"<!-- This site is optimized with the Yoast SEO plugin v27.3 - https:\/\/yoast.com\/product\/yoast-seo-wordpress\/ -->\n<title>Dr. Lina Motta \u2013 IV Therapy &amp; Wellness Expert - Vita IV Bar Bogot\u00e1<\/title>\n<meta name=\"description\" content=\"Lina Motta brings over 15 years of experience in biological medicine. Discover her holistic approach to health and wellness.\" \/>\n<meta name=\"robots\" content=\"index, follow, max-snippet:-1, max-image-preview:large, max-video-preview:-1\" \/>\n<link rel=\"canonical\" href=\"https:\/\/vitaivbar.com\/en\/dr-lina-motta\/\" \/>\n<meta property=\"og:locale\" content=\"en_US\" \/>\n<meta property=\"og:type\" content=\"article\" \/>\n<meta property=\"og:title\" content=\"Doctora Lina Motta m\u00e9dica ortomolecular y antienvejecimiento - Vita IV Bar\" \/>\n<meta property=\"og:description\" content=\"Lina Motta ofrece m\u00e1s de 15 a\u00f1os de experiencia en medicina biol\u00f3gica. Conoce su enfoque integral para la salud y el bienestar.\" \/>\n<meta property=\"og:url\" content=\"https:\/\/vitaivbar.com\/en\/dr-lina-motta\/\" \/>\n<meta property=\"og:site_name\" content=\"Vita IV Bar Bogot\u00e1\" \/>\n<meta property=\"article:modified_time\" content=\"2025-11-21T19:36:05+00:00\" \/>\n<meta property=\"og:image\" content=\"https:\/\/vitaivbar.com\/en\/wp-content\/uploads\/sites\/2\/2025\/10\/Doctora-Lina-Motta-Vita-IV-Bar-Bogota-3.png\" \/>\n\t<meta property=\"og:image:width\" content=\"1000\" \/>\n\t<meta property=\"og:image:height\" content=\"1500\" \/>\n\t<meta property=\"og:image:type\" content=\"image\/png\" \/>\n<meta name=\"twitter:card\" content=\"summary_large_image\" \/>\n<meta name=\"twitter:title\" content=\"Doctora Lina Motta m\u00e9dica ortomolecular y antienvejecimiento - Vita IV Bar\" \/>\n<meta name=\"twitter:description\" content=\"Lina Motta ofrece m\u00e1s de 15 a\u00f1os de experiencia en medicina biol\u00f3gica. Conoce su enfoque integral para la salud y el bienestar.\" \/>\n<meta name=\"twitter:image\" content=\"https:\/\/vitaivbar.com\/en\/wp-content\/uploads\/sites\/2\/2025\/10\/Doctora-Lina-Motta-Vita-IV-Bar-Bogota-3.png\" \/>\n<meta name=\"twitter:label1\" content=\"Est. reading time\" \/>\n\t<meta name=\"twitter:data1\" content=\"1 minute\" \/>\n<!-- \/ Yoast SEO plugin. -->","yoast_head_json":{"title":"Dr. Lina Motta \u2013 IV Therapy & Wellness Expert - Vita IV Bar Bogot\u00e1","description":"Lina Motta brings over 15 years of experience in biological medicine. Discover her holistic approach to health and wellness.","robots":{"index":"index","follow":"follow","max-snippet":"max-snippet:-1","max-image-preview":"max-image-preview:large","max-video-preview":"max-video-preview:-1"},"canonical":"https:\/\/vitaivbar.com\/en\/dr-lina-motta\/","og_locale":"en_US","og_type":"article","og_title":"Doctora Lina Motta m\u00e9dica ortomolecular y antienvejecimiento - Vita IV Bar","og_description":"Lina Motta ofrece m\u00e1s de 15 a\u00f1os de experiencia en medicina biol\u00f3gica. Conoce su enfoque integral para la salud y el bienestar.","og_url":"https:\/\/vitaivbar.com\/en\/dr-lina-motta\/","og_site_name":"Vita IV Bar Bogot\u00e1","article_modified_time":"2025-11-21T19:36:05+00:00","og_image":[{"width":1000,"height":1500,"url":"https:\/\/vitaivbar.com\/en\/wp-content\/uploads\/sites\/2\/2025\/10\/Doctora-Lina-Motta-Vita-IV-Bar-Bogota-3.png","type":"image\/png"}],"twitter_card":"summary_large_image","twitter_title":"Doctora Lina Motta m\u00e9dica ortomolecular y antienvejecimiento - Vita IV Bar","twitter_description":"Lina Motta ofrece m\u00e1s de 15 a\u00f1os de experiencia en medicina biol\u00f3gica. Conoce su enfoque integral para la salud y el bienestar.","twitter_image":"https:\/\/vitaivbar.com\/en\/wp-content\/uploads\/sites\/2\/2025\/10\/Doctora-Lina-Motta-Vita-IV-Bar-Bogota-3.png","twitter_misc":{"Est. reading time":"1 minute"},"schema":{"@context":"https:\/\/schema.org","@graph":[{"@type":["WebPage","ProfilePage"],"@id":"https:\/\/vitaivbar.com\/en\/dr-lina-motta\/","url":"https:\/\/vitaivbar.com\/en\/dr-lina-motta\/","name":"Dr. Lina Motta \u2013 IV Therapy & Wellness Expert - Vita IV Bar Bogot\u00e1","isPartOf":{"@id":"https:\/\/vitaivbar.com\/en\/#website"},"primaryImageOfPage":{"@id":"https:\/\/vitaivbar.com\/en\/dr-lina-motta\/#primaryimage"},"image":{"@id":"https:\/\/vitaivbar.com\/en\/dr-lina-motta\/#primaryimage"},"thumbnailUrl":"https:\/\/vitaivbar.com\/en\/wp-content\/uploads\/sites\/2\/2025\/10\/quienes-somos.jpg","datePublished":"2025-10-29T12:37:44+00:00","dateModified":"2025-11-21T19:36:05+00:00","description":"Lina Motta brings over 15 years of experience in biological medicine. Discover her holistic approach to health and wellness.","breadcrumb":{"@id":"https:\/\/vitaivbar.com\/en\/dr-lina-motta\/#breadcrumb"},"inLanguage":"en-US","potentialAction":[{"@type":"ReadAction","target":["https:\/\/vitaivbar.com\/en\/dr-lina-motta\/"]}]},{"@type":"ImageObject","inLanguage":"en-US","@id":"https:\/\/vitaivbar.com\/en\/dr-lina-motta\/#primaryimage","url":"https:\/\/vitaivbar.com\/en\/wp-content\/uploads\/sites\/2\/2025\/10\/quienes-somos.jpg","contentUrl":"https:\/\/vitaivbar.com\/en\/wp-content\/uploads\/sites\/2\/2025\/10\/quienes-somos.jpg","width":2560,"height":1707},{"@type":"BreadcrumbList","@id":"https:\/\/vitaivbar.com\/en\/dr-lina-motta\/#breadcrumb","itemListElement":[{"@type":"ListItem","position":1,"name":"Portada","item":"https:\/\/vitaivbar.com\/en\/"},{"@type":"ListItem","position":2,"name":"Dr. Lina Motta"}]},{"@type":"WebSite","@id":"https:\/\/vitaivbar.com\/en\/#website","url":"https:\/\/vitaivbar.com\/en\/","name":"Vita IV Bar Bogot\u00e1","description":"","publisher":{"@id":"https:\/\/vitaivbar.com\/en\/#organization"},"potentialAction":[{"@type":"SearchAction","target":{"@type":"EntryPoint","urlTemplate":"https:\/\/vitaivbar.com\/en\/?s={search_term_string}"},"query-input":{"@type":"PropertyValueSpecification","valueRequired":true,"valueName":"search_term_string"}}],"inLanguage":"en-US"},{"@type":"Organization","@id":"https:\/\/vitaivbar.com\/en\/#organization","name":"Vita IV Bar Bogot\u00e1","url":"https:\/\/vitaivbar.com\/en\/","logo":{"@type":"ImageObject","inLanguage":"en-US","@id":"https:\/\/vitaivbar.com\/en\/#\/schema\/logo\/image\/","url":"https:\/\/vitaivbar.com\/en\/wp-content\/uploads\/sites\/2\/2025\/10\/logo-vita-ivbar.png","contentUrl":"https:\/\/vitaivbar.com\/en\/wp-content\/uploads\/sites\/2\/2025\/10\/logo-vita-ivbar.png","width":1860,"height":990,"caption":"Vita IV Bar Bogot\u00e1"},"image":{"@id":"https:\/\/vitaivbar.com\/en\/#\/schema\/logo\/image\/"},"mainEntityOfPage":{"@id":"https:\/\/vitaivbar.com\/en\/dr-lina-motta\/"}}]}},"_links":{"self":[{"href":"https:\/\/vitaivbar.com\/en\/wp-json\/wp\/v2\/pages\/215","targetHints":{"allow":["GET"]}}],"collection":[{"href":"https:\/\/vitaivbar.com\/en\/wp-json\/wp\/v2\/pages"}],"about":[{"href":"https:\/\/vitaivbar.com\/en\/wp-json\/wp\/v2\/types\/page"}],"author":[{"embeddable":true,"href":"https:\/\/vitaivbar.com\/en\/wp-json\/wp\/v2\/users\/1"}],"replies":[{"embeddable":true,"href":"https:\/\/vitaivbar.com\/en\/wp-json\/wp\/v2\/comments?post=215"}],"version-history":[{"count":4,"href":"https:\/\/vitaivbar.com\/en\/wp-json\/wp\/v2\/pages\/215\/revisions"}],"predecessor-version":[{"id":465,"href":"https:\/\/vitaivbar.com\/en\/wp-json\/wp\/v2\/pages\/215\/revisions\/465"}],"wp:featuredmedia":[{"embeddable":true,"href":"https:\/\/vitaivbar.com\/en\/wp-json\/wp\/v2\/media\/151"}],"wp:attachment":[{"href":"https:\/\/vitaivbar.com\/en\/wp-json\/wp\/v2\/media?parent=215"}],"curies":[{"name":"wp","href":"https:\/\/api.w.org\/{rel}","templated":true}]}}