{"id":8,"date":"2025-10-23T04:41:03","date_gmt":"2025-10-23T04:41:03","guid":{"rendered":"https:\/\/mediumvioletred-albatross-582789.hostingersite.com\/?page_id=8"},"modified":"2025-11-21T14:35:32","modified_gmt":"2025-11-21T19:35:32","slug":"inicio","status":"publish","type":"page","link":"https:\/\/vitaivbar.com\/en\/","title":{"rendered":"IV Therapy in Bogot\u00e1"},"content":{"rendered":"<p>At Vita IV Bar, <b>IV therapy<\/b> is much more than a trend: it is a tool for preventative, functional, and anti-aging medicine, designed to optimize your well-being from the root. Through the intravenous infusion of vitamins, minerals, antioxidants, and biological cofactors, we help your body strengthen the immune system, improve metabolism, and boost cellular energy. Our personalized protocols contribute to managing stress, insomnia, fatigue, weight management, and premature aging, promoting deep recovery and visible vitality. Because feeling good on the inside is the first step to reflecting health and beauty on the outside.<\/p>\n","protected":false},"excerpt":{"rendered":"<p>At Vita IV Bar, IV therapy is much more than a trend: it is a tool for preventative, functional, and anti-aging medicine, designed to optimize your well-being from the root. Through the intravenous infusion of vitamins, minerals, antioxidants, and biological cofactors, we help your body strengthen the immune system, improve metabolism, and boost cellular energy. [&hellip;]<\/p>\n","protected":false},"author":1,"featured_media":0,"parent":0,"menu_order":0,"comment_status":"closed","ping_status":"closed","template":"","meta":{"_acf_changed":false,"footnotes":""},"class_list":["post-8","page","type-page","status-publish","hentry"],"acf":[],"yoast_head":"<!-- This site is optimized with the Yoast SEO plugin v27.3 - https:\/\/yoast.com\/product\/yoast-seo-wordpress\/ -->\n<title>IV Therapy in Bogot\u00e1 - Vita IV Bar Bogot\u00e1<\/title>\n<meta name=\"description\" content=\"IV Therapy in Bogot\u00e1 for Energy, Immunity, Hydration, Anti-Aging, and Recovery. Personalized IV Drips following medical assessment. Book your session.\" \/>\n<meta name=\"robots\" content=\"index, follow, max-snippet:-1, max-image-preview:large, max-video-preview:-1\" \/>\n<link rel=\"canonical\" href=\"https:\/\/vitaivbar.com\/en\/\" \/>\n<meta property=\"og:locale\" content=\"en_US\" \/>\n<meta property=\"og:type\" content=\"article\" \/>\n<meta property=\"og:title\" content=\"IV Therapy in Bogot\u00e1 - Vita IV Bar Bogot\u00e1\" \/>\n<meta property=\"og:description\" content=\"IV Therapy in Bogot\u00e1 for Energy, Immunity, Hydration, Anti-Aging, and Recovery. Personalized IV Drips following medical assessment. Book your session.\" \/>\n<meta property=\"og:url\" content=\"https:\/\/vitaivbar.com\/en\/\" \/>\n<meta property=\"og:site_name\" content=\"Vita IV Bar Bogot\u00e1\" \/>\n<meta property=\"article:modified_time\" content=\"2025-11-21T19:35:32+00:00\" \/>\n<meta name=\"twitter:card\" content=\"summary_large_image\" \/>\n<meta name=\"twitter:label1\" content=\"Est. reading time\" \/>\n\t<meta name=\"twitter:data1\" content=\"1 minute\" \/>\n<!-- \/ Yoast SEO plugin. -->","yoast_head_json":{"title":"IV Therapy in Bogot\u00e1 - Vita IV Bar Bogot\u00e1","description":"IV Therapy in Bogot\u00e1 for Energy, Immunity, Hydration, Anti-Aging, and Recovery. Personalized IV Drips following medical assessment. Book your session.","robots":{"index":"index","follow":"follow","max-snippet":"max-snippet:-1","max-image-preview":"max-image-preview:large","max-video-preview":"max-video-preview:-1"},"canonical":"https:\/\/vitaivbar.com\/en\/","og_locale":"en_US","og_type":"article","og_title":"IV Therapy in Bogot\u00e1 - Vita IV Bar Bogot\u00e1","og_description":"IV Therapy in Bogot\u00e1 for Energy, Immunity, Hydration, Anti-Aging, and Recovery. Personalized IV Drips following medical assessment. Book your session.","og_url":"https:\/\/vitaivbar.com\/en\/","og_site_name":"Vita IV Bar Bogot\u00e1","article_modified_time":"2025-11-21T19:35:32+00:00","twitter_card":"summary_large_image","twitter_misc":{"Est. reading time":"1 minute"},"schema":{"@context":"https:\/\/schema.org","@graph":[{"@type":"WebPage","@id":"https:\/\/vitaivbar.com\/en\/","url":"https:\/\/vitaivbar.com\/en\/","name":"IV Therapy in Bogot\u00e1 - Vita IV Bar Bogot\u00e1","isPartOf":{"@id":"https:\/\/vitaivbar.com\/en\/#website"},"datePublished":"2025-10-23T04:41:03+00:00","dateModified":"2025-11-21T19:35:32+00:00","description":"IV Therapy in Bogot\u00e1 for Energy, Immunity, Hydration, Anti-Aging, and Recovery. Personalized IV Drips following medical assessment. Book your session.","breadcrumb":{"@id":"https:\/\/vitaivbar.com\/en\/#breadcrumb"},"inLanguage":"en-US","potentialAction":[{"@type":"ReadAction","target":["https:\/\/vitaivbar.com\/en\/"]}]},{"@type":"BreadcrumbList","@id":"https:\/\/vitaivbar.com\/en\/#breadcrumb","itemListElement":[{"@type":"ListItem","position":1,"name":"Portada","item":"https:\/\/vitaivbar.com\/en\/"},{"@type":"ListItem","position":2,"name":"IV Therapy in Bogot\u00e1"}]},{"@type":"WebSite","@id":"https:\/\/vitaivbar.com\/en\/#website","url":"https:\/\/vitaivbar.com\/en\/","name":"Vita IV Bar Bogot\u00e1","description":"","publisher":{"@id":"https:\/\/vitaivbar.com\/en\/#organization"},"potentialAction":[{"@type":"SearchAction","target":{"@type":"EntryPoint","urlTemplate":"https:\/\/vitaivbar.com\/en\/?s={search_term_string}"},"query-input":{"@type":"PropertyValueSpecification","valueRequired":true,"valueName":"search_term_string"}}],"inLanguage":"en-US"},{"@type":"Organization","@id":"https:\/\/vitaivbar.com\/en\/#organization","name":"Vita IV Bar Bogot\u00e1","url":"https:\/\/vitaivbar.com\/en\/","logo":{"@type":"ImageObject","inLanguage":"en-US","@id":"https:\/\/vitaivbar.com\/en\/#\/schema\/logo\/image\/","url":"https:\/\/vitaivbar.com\/en\/wp-content\/uploads\/sites\/2\/2025\/10\/logo-vita-ivbar.png","contentUrl":"https:\/\/vitaivbar.com\/en\/wp-content\/uploads\/sites\/2\/2025\/10\/logo-vita-ivbar.png","width":1860,"height":990,"caption":"Vita IV Bar Bogot\u00e1"},"image":{"@id":"https:\/\/vitaivbar.com\/en\/#\/schema\/logo\/image\/"}}]}},"_links":{"self":[{"href":"https:\/\/vitaivbar.com\/en\/wp-json\/wp\/v2\/pages\/8","targetHints":{"allow":["GET"]}}],"collection":[{"href":"https:\/\/vitaivbar.com\/en\/wp-json\/wp\/v2\/pages"}],"about":[{"href":"https:\/\/vitaivbar.com\/en\/wp-json\/wp\/v2\/types\/page"}],"author":[{"embeddable":true,"href":"https:\/\/vitaivbar.com\/en\/wp-json\/wp\/v2\/users\/1"}],"replies":[{"embeddable":true,"href":"https:\/\/vitaivbar.com\/en\/wp-json\/wp\/v2\/comments?post=8"}],"version-history":[{"count":9,"href":"https:\/\/vitaivbar.com\/en\/wp-json\/wp\/v2\/pages\/8\/revisions"}],"predecessor-version":[{"id":464,"href":"https:\/\/vitaivbar.com\/en\/wp-json\/wp\/v2\/pages\/8\/revisions\/464"}],"wp:attachment":[{"href":"https:\/\/vitaivbar.com\/en\/wp-json\/wp\/v2\/media?parent=8"}],"curies":[{"name":"wp","href":"https:\/\/api.w.org\/{rel}","templated":true}]}}